{"id":2587,"date":"2025-09-16T07:47:37","date_gmt":"2025-09-16T07:47:37","guid":{"rendered":"https:\/\/demo.creativacomunica.com\/mgmsolar\/?page_id=2587"},"modified":"2025-09-16T08:45:16","modified_gmt":"2025-09-16T08:45:16","slug":"bess","status":"publish","type":"page","link":"https:\/\/mgmsolar.it\/index.php\/settori\/bess\/","title":{"rendered":"Bess"},"content":{"rendered":"<p><div class=\"fusion-fullwidth fullwidth-box fusion-builder-row-1 fusion-flex-container has-pattern-background has-mask-background nonhundred-percent-fullwidth non-hundred-percent-height-scrolling\" style=\"--awb-background-position:left top;--awb-background-repeat:repeat-y;--awb-border-color:var(--awb-custom_color_1);--awb-border-radius-top-left:0px;--awb-border-radius-top-right:0px;--awb-border-radius-bottom-right:0px;--awb-border-radius-bottom-left:0px;--awb-padding-top:100px;--awb-flex-wrap:wrap;\" ><div class=\"fusion-builder-row fusion-row fusion-flex-align-items-flex-start fusion-flex-content-wrap\" style=\"max-width:1248px;margin-left: calc(-4% \/ 2 );margin-right: calc(-4% \/ 2 );\"><div class=\"fusion-layout-column fusion_builder_column fusion-builder-column-0 fusion_builder_column_1_2 1_2 fusion-flex-column fusion-animated\" style=\"--awb-bg-color-hover:var(--awb-color1);--awb-bg-size:cover;--awb-transform:translateX(0px);--awb-transform-hover:translateX(10px);--awb-width-large:50%;--awb-spacing-right-large:3.84%;--awb-margin-bottom-large:0px;--awb-spacing-left-large:3.84%;--awb-width-medium:50%;--awb-order-medium:0;--awb-spacing-right-medium:3.84%;--awb-spacing-left-medium:3.84%;--awb-width-small:100%;--awb-order-small:0;--awb-spacing-right-small:1.92%;--awb-margin-bottom-small:60px;--awb-spacing-left-small:1.92%;\" data-animationType=\"fadeInUp\" data-animationDuration=\"1.0\" data-animationDelay=\"0.5\" data-animationOffset=\"top-into-view\" data-scroll-devices=\"small-visibility,medium-visibility,large-visibility\"><div class=\"fusion-column-wrapper fusion-column-has-shadow fusion-flex-justify-content-flex-start fusion-content-layout-column\"><div class=\"fusion-text fusion-text-1 fusion-text-no-margin\" style=\"--awb-margin-bottom:0px;\"><h3 data-start=\"173\" data-end=\"218\"><strong data-start=\"175\" data-end=\"216\">BESS \u2013 Sistemi di Accumulo Energetico<\/strong><\/h3>\n<p data-start=\"220\" data-end=\"525\">I <strong data-start=\"222\" data-end=\"263\">BESS (Battery Energy Storage Systems)<\/strong> sono sistemi che permettono di <strong data-start=\"295\" data-end=\"330\">immagazzinare energia elettrica<\/strong> e renderla disponibile quando serve.<br data-start=\"367\" data-end=\"370\" \/>Rappresentano una tecnologia strategica per superare uno dei principali limiti delle fonti rinnovabili: la loro natura intermittente e non programmabile.<\/p>\n<p data-start=\"527\" data-end=\"725\">Con un BESS, l\u2019energia prodotta dal fotovoltaico o dall\u2019eolico non va sprecata, ma viene accumulata e rilasciata nei momenti di maggiore richiesta, garantendo efficienza, continuit\u00e0 e convenienza.<\/p>\n<\/div><\/div><\/div><div class=\"fusion-layout-column fusion_builder_column fusion-builder-column-1 fusion_builder_column_1_3 1_3 fusion-flex-column fusion-animated\" style=\"--awb-bg-size:cover;--awb-width-large:33.333333333333%;--awb-spacing-right-large:0px;--awb-margin-bottom-large:0px;--awb-spacing-left-large:5.76%;--awb-width-medium:33.333333333333%;--awb-order-medium:0;--awb-spacing-right-medium:0px;--awb-spacing-left-medium:5.76%;--awb-width-small:100%;--awb-order-small:0;--awb-spacing-right-small:1.92%;--awb-margin-bottom-small:60px;--awb-spacing-left-small:1.92%;\" data-animationType=\"fadeInUp\" data-animationDuration=\"1.0\" data-animationDelay=\"1.0\" data-animationOffset=\"top-into-view\" data-scroll-devices=\"small-visibility,medium-visibility,large-visibility\"><div class=\"fusion-column-wrapper lazyload fusion-column-has-shadow fusion-flex-justify-content-flex-start fusion-content-layout-column fusion-empty-column-bg-image fusion-column-has-bg-image\" data-bg-url=\"https:\/\/mgmsolar.it\/wp-content\/uploads\/2025\/09\/bess-mgm-solar.jpg\" data-bg=\"https:\/\/mgmsolar.it\/wp-content\/uploads\/2025\/09\/bess-mgm-solar.jpg\"><img decoding=\"async\" class=\"fusion-empty-dims-img-placeholder\" aria-label=\"bess-mgm-solar\" src=\"data:image\/svg+xml,%3Csvg%20xmlns%3D%27http%3A%2F%2Fwww.w3.org%2F2000%2Fsvg%27%20width%3D%27860%27%20height%3D%27960%27%20viewBox%3D%270%200%20860%20960%27%3E%3Crect%20width%3D%27860%27%20height%3D%27960%27%20fill-opacity%3D%220%22%2F%3E%3C%2Fsvg%3E\"><\/div><\/div><\/div><\/div><div class=\"fusion-fullwidth fullwidth-box fusion-builder-row-2 fusion-flex-container has-pattern-background has-mask-background nonhundred-percent-fullwidth non-hundred-percent-height-scrolling\" style=\"--awb-background-position:left top;--awb-background-repeat:repeat-y;--awb-border-color:var(--awb-custom_color_1);--awb-border-radius-top-left:0px;--awb-border-radius-top-right:0px;--awb-border-radius-bottom-right:0px;--awb-border-radius-bottom-left:0px;--awb-padding-top:0px;--awb-padding-bottom:0px;--awb-margin-top:0px;--awb-margin-bottom:0px;--awb-flex-wrap:wrap;\" ><div class=\"fusion-builder-row fusion-row fusion-flex-align-items-flex-start fusion-flex-content-wrap\" style=\"max-width:1248px;margin-left: calc(-4% \/ 2 );margin-right: calc(-4% \/ 2 );\"><div class=\"fusion-layout-column fusion_builder_column fusion-builder-column-2 fusion_builder_column_1_2 1_2 fusion-flex-column fusion-animated\" style=\"--awb-bg-color-hover:var(--awb-color1);--awb-bg-size:cover;--awb-transform:translateX(0px);--awb-transform-hover:translateX(10px);--awb-width-large:50%;--awb-spacing-right-large:3.84%;--awb-margin-bottom-large:0px;--awb-spacing-left-large:3.84%;--awb-width-medium:50%;--awb-order-medium:0;--awb-spacing-right-medium:3.84%;--awb-spacing-left-medium:3.84%;--awb-width-small:100%;--awb-order-small:0;--awb-spacing-right-small:1.92%;--awb-margin-bottom-small:60px;--awb-spacing-left-small:1.92%;\" data-animationType=\"fadeInUp\" data-animationDuration=\"1.0\" data-animationDelay=\"0.5\" data-animationOffset=\"top-into-view\" data-scroll-devices=\"small-visibility,medium-visibility,large-visibility\"><div class=\"fusion-column-wrapper fusion-column-has-shadow fusion-flex-justify-content-flex-start fusion-content-layout-column\"><div class=\"fusion-text fusion-text-2 fusion-text-no-margin\" style=\"--awb-margin-bottom:0px;\"><h3 data-start=\"732\" data-end=\"762\"><strong data-start=\"735\" data-end=\"760\">Come funziona un BESS<\/strong><\/h3>\n<p data-start=\"763\" data-end=\"844\">Un sistema di accumulo \u00e8 composto da diversi elementi che lavorano in sinergia:<\/p>\n<ul>\n<li data-start=\"847\" data-end=\"1135\"><strong data-start=\"847\" data-end=\"866\">Moduli batteria<\/strong> \u2013 oggi la tecnologia pi\u00f9 diffusa \u00e8 quella agli ioni di litio, per densit\u00e0 energetica, rapidit\u00e0 di risposta e affidabilit\u00e0. Esistono anche soluzioni alternative (piombo-acido, batterie a flusso redox, nuove chimiche sostenibili come sodio-ione o litio-ferro-fosfato).<\/li>\n<li data-start=\"847\" data-end=\"1135\"><strong data-start=\"1138\" data-end=\"1173\">Battery Management System (BMS)<\/strong> \u2013 monitora in tempo reale lo stato di carica, salute e temperatura delle celle, prevenendo guasti e ottimizzando la durata del sistema.<\/li>\n<li data-start=\"847\" data-end=\"1135\"><strong data-start=\"1314\" data-end=\"1340\">Inverter bidirezionale<\/strong> \u2013 converte l\u2019energia continua (DC) delle batterie in alternata (AC) per la rete e gestisce la ricarica dalle fonti rinnovabili o dalla rete stessa.<\/li>\n<li data-start=\"847\" data-end=\"1135\"><strong data-start=\"1493\" data-end=\"1526\">Sistemi di controllo avanzati<\/strong> \u2013 algoritmi intelligenti che ottimizzano l\u2019uso delle batterie in base ai picchi di domanda, alle tariffe energetiche e alle esigenze della rete.<\/li>\n<\/ul>\n<\/div><\/div><\/div><\/div><\/div><div class=\"fusion-fullwidth fullwidth-box fusion-builder-row-3 fusion-flex-container has-pattern-background has-mask-background nonhundred-percent-fullwidth non-hundred-percent-height-scrolling\" style=\"--awb-background-position:left top;--awb-background-repeat:repeat-y;--awb-border-color:var(--awb-custom_color_1);--awb-border-radius-top-left:0px;--awb-border-radius-top-right:0px;--awb-border-radius-bottom-right:0px;--awb-border-radius-bottom-left:0px;--awb-padding-top:0px;--awb-padding-bottom:0px;--awb-margin-top:0px;--awb-margin-bottom:0px;--awb-flex-wrap:wrap;\" ><div class=\"fusion-builder-row fusion-row fusion-flex-align-items-flex-start fusion-flex-content-wrap\" style=\"max-width:1248px;margin-left: calc(-4% \/ 2 );margin-right: calc(-4% \/ 2 );\"><div class=\"fusion-layout-column fusion_builder_column fusion-builder-column-3 fusion_builder_column_1_2 1_2 fusion-flex-column fusion-animated\" style=\"--awb-bg-color-hover:var(--awb-color1);--awb-bg-size:cover;--awb-transform:translateX(0px);--awb-transform-hover:translateX(10px);--awb-width-large:50%;--awb-spacing-right-large:3.84%;--awb-margin-bottom-large:0px;--awb-spacing-left-large:3.84%;--awb-width-medium:50%;--awb-order-medium:0;--awb-spacing-right-medium:3.84%;--awb-spacing-left-medium:3.84%;--awb-width-small:100%;--awb-order-small:0;--awb-spacing-right-small:1.92%;--awb-margin-bottom-small:60px;--awb-spacing-left-small:1.92%;\" data-animationType=\"fadeInUp\" data-animationDuration=\"1.0\" data-animationDelay=\"0.5\" data-animationOffset=\"top-into-view\" data-scroll-devices=\"small-visibility,medium-visibility,large-visibility\"><div class=\"fusion-column-wrapper fusion-column-has-shadow fusion-flex-justify-content-flex-start fusion-content-layout-column\"><div class=\"fusion-text fusion-text-3 fusion-text-no-margin\" style=\"--awb-margin-bottom:0px;\"><h3 data-start=\"1680\" data-end=\"1710\"><strong data-start=\"1683\" data-end=\"1708\">Applicazioni dei BESS<\/strong><\/h3>\n<p data-start=\"1711\" data-end=\"1776\">I sistemi di accumulo trovano applicazione in diversi contesti:<\/p>\n<ul>\n<li data-start=\"1780\" data-end=\"1906\"><strong data-start=\"1780\" data-end=\"1810\">Stabilizzazione della rete<\/strong> \u2192 agiscono come un \u201ccuscinetto\u201d energetico per correggere variazioni di frequenza e tensione.<\/li>\n<li data-start=\"1780\" data-end=\"1906\"><strong data-start=\"1909\" data-end=\"1934\">Industria e commercio<\/strong> \u2192 strategie di <em data-start=\"1950\" data-end=\"1964\">peak shaving<\/em> (taglio dei picchi) e <em data-start=\"1987\" data-end=\"2002\">time shifting<\/em> (spostamento dei consumi verso fasce orarie pi\u00f9 convenienti).<\/li>\n<li data-start=\"1780\" data-end=\"1906\"><strong data-start=\"2069\" data-end=\"2085\">Residenziale<\/strong> \u2192 collegati al fotovoltaico permettono di aumentare l\u2019autoconsumo, accumulando energia di giorno e utilizzandola la sera.<\/li>\n<li data-start=\"1780\" data-end=\"1906\"><strong data-start=\"2212\" data-end=\"2229\">Utility scale<\/strong> \u2192 nei grandi impianti accumulano quantit\u00e0 significative di energia, supportando la rete nazionale e riducendo la dipendenza da centrali di backup.<\/li>\n<\/ul>\n<\/div><\/div><\/div><\/div><\/div><div class=\"fusion-fullwidth fullwidth-box fusion-builder-row-4 fusion-flex-container has-pattern-background has-mask-background nonhundred-percent-fullwidth non-hundred-percent-height-scrolling\" style=\"--awb-background-position:left top;--awb-background-repeat:repeat-y;--awb-border-color:var(--awb-custom_color_1);--awb-border-radius-top-left:0px;--awb-border-radius-top-right:0px;--awb-border-radius-bottom-right:0px;--awb-border-radius-bottom-left:0px;--awb-padding-top:0px;--awb-padding-bottom:0px;--awb-margin-top:0px;--awb-margin-bottom:0px;--awb-flex-wrap:wrap;\" ><div class=\"fusion-builder-row fusion-row fusion-flex-align-items-flex-start fusion-flex-content-wrap\" style=\"max-width:1248px;margin-left: calc(-4% \/ 2 );margin-right: calc(-4% \/ 2 );\"><div class=\"fusion-layout-column fusion_builder_column fusion-builder-column-4 fusion_builder_column_1_2 1_2 fusion-flex-column fusion-animated\" style=\"--awb-bg-color-hover:var(--awb-color1);--awb-bg-size:cover;--awb-transform:translateX(0px);--awb-transform-hover:translateX(10px);--awb-width-large:50%;--awb-margin-top-large:0px;--awb-spacing-right-large:3.84%;--awb-margin-bottom-large:0px;--awb-spacing-left-large:3.84%;--awb-width-medium:50%;--awb-order-medium:0;--awb-spacing-right-medium:3.84%;--awb-spacing-left-medium:3.84%;--awb-width-small:100%;--awb-order-small:0;--awb-spacing-right-small:1.92%;--awb-margin-bottom-small:60px;--awb-spacing-left-small:1.92%;\" data-animationType=\"fadeInUp\" data-animationDuration=\"1.0\" data-animationDelay=\"0.5\" data-animationOffset=\"top-into-view\" data-scroll-devices=\"small-visibility,medium-visibility,large-visibility\"><div class=\"fusion-column-wrapper fusion-column-has-shadow fusion-flex-justify-content-flex-start fusion-content-layout-column\"><div class=\"fusion-text fusion-text-4 fusion-text-no-margin\" style=\"--awb-margin-bottom:0px;\"><h3 data-start=\"2385\" data-end=\"2411\"><strong data-start=\"2388\" data-end=\"2409\">Vantaggi dei BESS<\/strong><\/h3>\n<ul>\n<li data-start=\"2414\" data-end=\"2467\">Maggiore integrazione delle rinnovabili nella rete.<\/li>\n<li data-start=\"2414\" data-end=\"2467\">Riduzione delle emissioni di CO\u2082.<\/li>\n<li data-start=\"2414\" data-end=\"2467\">Ottimizzazione dei costi energetici per aziende e comunit\u00e0.<\/li>\n<li data-start=\"2414\" data-end=\"2467\">Continuit\u00e0 e affidabilit\u00e0 delle forniture elettriche.<\/li>\n<\/ul>\n<h3 data-start=\"1908\" data-end=\"1945\"><span style=\"font-size: 16px;\">.<\/span><\/h3>\n<\/div><\/div><\/div><\/div><\/div><div class=\"fusion-fullwidth fullwidth-box fusion-builder-row-5 fusion-flex-container has-pattern-background has-mask-background nonhundred-percent-fullwidth non-hundred-percent-height-scrolling\" style=\"--awb-background-position:left top;--awb-background-repeat:repeat-y;--awb-border-color:var(--awb-custom_color_1);--awb-border-radius-top-left:0px;--awb-border-radius-top-right:0px;--awb-border-radius-bottom-right:0px;--awb-border-radius-bottom-left:0px;--awb-padding-top:0px;--awb-padding-bottom:0px;--awb-margin-top:-50px;--awb-flex-wrap:wrap;\" ><div class=\"fusion-builder-row fusion-row fusion-flex-align-items-flex-start fusion-flex-content-wrap\" style=\"max-width:1248px;margin-left: calc(-4% \/ 2 );margin-right: calc(-4% \/ 2 );\"><div class=\"fusion-layout-column fusion_builder_column fusion-builder-column-5 fusion_builder_column_1_2 1_2 fusion-flex-column fusion-animated\" style=\"--awb-bg-color-hover:var(--awb-color1);--awb-bg-size:cover;--awb-transform:translateX(0px);--awb-transform-hover:translateX(10px);--awb-width-large:50%;--awb-margin-top-large:0px;--awb-spacing-right-large:3.84%;--awb-margin-bottom-large:0px;--awb-spacing-left-large:3.84%;--awb-width-medium:50%;--awb-order-medium:0;--awb-spacing-right-medium:3.84%;--awb-spacing-left-medium:3.84%;--awb-width-small:100%;--awb-order-small:0;--awb-spacing-right-small:1.92%;--awb-margin-bottom-small:60px;--awb-spacing-left-small:1.92%;\" data-animationType=\"fadeInUp\" data-animationDuration=\"1.0\" data-animationDelay=\"0.5\" data-animationOffset=\"top-into-view\" data-scroll-devices=\"small-visibility,medium-visibility,large-visibility\"><div class=\"fusion-column-wrapper fusion-column-has-shadow fusion-flex-justify-content-flex-start fusion-content-layout-column\"><div class=\"fusion-text fusion-text-5 fusion-text-no-margin\" style=\"--awb-margin-bottom:0px;\"><h3 data-start=\"2634\" data-end=\"2677\"><strong data-start=\"2637\" data-end=\"2675\">Le sfide e il futuro dell\u2019accumulo<\/strong><\/h3>\n<p data-start=\"2678\" data-end=\"3151\">Nonostante i costi di installazione siano in calo, i BESS richiedono ancora investimenti iniziali rilevanti. La durata \u00e8 legata ai cicli di carica\/scarica (in media 5.000-10.000 per le batterie al litio) e il tema del riciclo dei materiali \u00e8 centrale per ridurre l\u2019impatto ambientale.<br data-start=\"2962\" data-end=\"2965\" \/>La ricerca sta puntando su nuove chimiche pi\u00f9 economiche e sostenibili, sull\u2019integrazione con le <strong data-start=\"3062\" data-end=\"3076\">smart grid<\/strong> e su sistemi di <strong data-start=\"3093\" data-end=\"3148\">intelligenza artificiale per la gestione predittiva<\/strong><\/p>\n<h3 data-start=\"2121\" data-end=\"2183\"><span style=\"font-size: 16px;\">.<\/span><\/h3>\n<\/div><\/div><\/div><\/div><\/div><div class=\"fusion-fullwidth fullwidth-box fusion-builder-row-6 fusion-flex-container has-pattern-background has-mask-background nonhundred-percent-fullwidth non-hundred-percent-height-scrolling\" style=\"--awb-background-position:left top;--awb-background-repeat:repeat-y;--awb-border-color:var(--awb-custom_color_1);--awb-border-radius-top-left:0px;--awb-border-radius-top-right:0px;--awb-border-radius-bottom-right:0px;--awb-border-radius-bottom-left:0px;--awb-padding-top:0px;--awb-padding-bottom:0px;--awb-margin-top:-100px;--awb-margin-bottom:100px;--awb-flex-wrap:wrap;\" ><div class=\"fusion-builder-row fusion-row fusion-flex-align-items-flex-start fusion-flex-content-wrap\" style=\"max-width:1248px;margin-left: calc(-4% \/ 2 );margin-right: calc(-4% \/ 2 );\"><div class=\"fusion-layout-column fusion_builder_column fusion-builder-column-6 fusion_builder_column_1_2 1_2 fusion-flex-column fusion-animated\" style=\"--awb-bg-color-hover:var(--awb-color1);--awb-bg-size:cover;--awb-transform:translateX(0px);--awb-transform-hover:translateX(10px);--awb-width-large:50%;--awb-margin-top-large:0px;--awb-spacing-right-large:3.84%;--awb-margin-bottom-large:0px;--awb-spacing-left-large:3.84%;--awb-width-medium:50%;--awb-order-medium:0;--awb-spacing-right-medium:3.84%;--awb-spacing-left-medium:3.84%;--awb-width-small:100%;--awb-order-small:0;--awb-spacing-right-small:1.92%;--awb-margin-bottom-small:60px;--awb-spacing-left-small:1.92%;\" data-animationType=\"fadeInUp\" data-animationDuration=\"1.0\" data-animationDelay=\"0.5\" data-animationOffset=\"top-into-view\" data-scroll-devices=\"small-visibility,medium-visibility,large-visibility\"><div class=\"fusion-column-wrapper fusion-column-has-shadow fusion-flex-justify-content-flex-start fusion-content-layout-column\"><div class=\"fusion-text fusion-text-6 fusion-text-no-margin\" style=\"--awb-margin-bottom:0px;\"><h3 data-start=\"3158\" data-end=\"3204\"><strong data-start=\"3161\" data-end=\"3202\">Perch\u00e9 scegliere MGM Solar per i BESS<\/strong><\/h3>\n<p data-start=\"3205\" data-end=\"3350\">MGM Solar progetta e realizza <strong data-start=\"3235\" data-end=\"3273\">sistemi di accumulo chiavi in mano<\/strong> integrati con impianti fotovoltaici, eolici o di trigenerazione, offrendo:<\/p>\n<ul>\n<li data-start=\"3353\" data-end=\"3401\">analisi preliminare dei fabbisogni energetici,<\/li>\n<li data-start=\"3353\" data-end=\"3401\">progettazione e dimensionamento su misura,<\/li>\n<li data-start=\"3353\" data-end=\"3401\">tecnologie certificate e sicure,<\/li>\n<li data-start=\"3353\" data-end=\"3401\">manutenzione e assistenza post-installazione.<\/li>\n<\/ul>\n<p data-start=\"3537\" data-end=\"3738\">\ud83d\udc49 Con un BESS firmato MGM Solar la tua azienda pu\u00f2 <strong data-start=\"3589\" data-end=\"3665\">ridurre i costi, aumentare l\u2019efficienza e garantire continuit\u00e0 operativa<\/strong>, contribuendo alla transizione verso un futuro energetico sostenibile.<\/p>\n<\/div><\/div><\/div><\/div><\/div><\/p>\n","protected":false},"excerpt":{"rendered":"","protected":false},"author":1,"featured_media":2236,"parent":1233,"menu_order":0,"comment_status":"closed","ping_status":"closed","template":"100-width.php","meta":{"_acf_changed":false,"footnotes":""},"class_list":["post-2587","page","type-page","status-publish","has-post-thumbnail","hentry"],"acf":[],"_links":{"self":[{"href":"https:\/\/mgmsolar.it\/index.php\/wp-json\/wp\/v2\/pages\/2587","targetHints":{"allow":["GET"]}}],"collection":[{"href":"https:\/\/mgmsolar.it\/index.php\/wp-json\/wp\/v2\/pages"}],"about":[{"href":"https:\/\/mgmsolar.it\/index.php\/wp-json\/wp\/v2\/types\/page"}],"author":[{"embeddable":true,"href":"https:\/\/mgmsolar.it\/index.php\/wp-json\/wp\/v2\/users\/1"}],"replies":[{"embeddable":true,"href":"https:\/\/mgmsolar.it\/index.php\/wp-json\/wp\/v2\/comments?post=2587"}],"version-history":[{"count":5,"href":"https:\/\/mgmsolar.it\/index.php\/wp-json\/wp\/v2\/pages\/2587\/revisions"}],"predecessor-version":[{"id":2643,"href":"https:\/\/mgmsolar.it\/index.php\/wp-json\/wp\/v2\/pages\/2587\/revisions\/2643"}],"up":[{"embeddable":true,"href":"https:\/\/mgmsolar.it\/index.php\/wp-json\/wp\/v2\/pages\/1233"}],"wp:featuredmedia":[{"embeddable":true,"href":"https:\/\/mgmsolar.it\/index.php\/wp-json\/wp\/v2\/media\/2236"}],"wp:attachment":[{"href":"https:\/\/mgmsolar.it\/index.php\/wp-json\/wp\/v2\/media?parent=2587"}],"curies":[{"name":"wp","href":"https:\/\/api.w.org\/{rel}","templated":true}]}}